{"id":222,"date":"2025-02-12T09:18:12","date_gmt":"2025-02-12T05:18:12","guid":{"rendered":"https:\/\/sardasup.com\/?page_id=222"},"modified":"2025-02-12T10:41:25","modified_gmt":"2025-02-12T06:41:25","slug":"activites","status":"publish","type":"page","link":"https:\/\/sardasup.com\/index.php\/activites\/","title":{"rendered":"Activit\u00e9s"},"content":{"rendered":"<div class=\"is-style-boxed wp-block-themeisle-blocks-posts-grid\" id=\"wp-block-themeisle-blocks-posts-grid-0f33c7c6\"><div class=\"is-grid o-posts-grid-columns-3\"><div class=\"o-posts-grid-post-blog o-posts-grid-post-plain\"><div class=\"o-posts-grid-post\"><div class=\"o-posts-grid-post-image\"><a href=\"https:\/\/sardasup.com\/index.php\/2026\/02\/20\/jpo-le-bts-ndrc-du-lycee-sarda-garriga-en-action\/\"><img loading=\"lazy\" decoding=\"async\" width=\"1600\" height=\"900\" src=\"https:\/\/sardasup.com\/wp-content\/uploads\/2026\/02\/PHOTO-2026-02-17-17-19-26.jpg\" class=\"attachment-full size-full\" alt=\"JPO : Le BTS NDRC du Lyc\u00e9e Sarda Garriga en action\" srcset=\"https:\/\/sardasup.com\/wp-content\/uploads\/2026\/02\/PHOTO-2026-02-17-17-19-26.jpg 1600w, https:\/\/sardasup.com\/wp-content\/uploads\/2026\/02\/PHOTO-2026-02-17-17-19-26-300x169.jpg 300w, https:\/\/sardasup.com\/wp-content\/uploads\/2026\/02\/PHOTO-2026-02-17-17-19-26-1024x576.jpg 1024w, https:\/\/sardasup.com\/wp-content\/uploads\/2026\/02\/PHOTO-2026-02-17-17-19-26-768x432.jpg 768w, https:\/\/sardasup.com\/wp-content\/uploads\/2026\/02\/PHOTO-2026-02-17-17-19-26-1536x864.jpg 1536w\" sizes=\"(max-width: 1600px) 100vw, 1600px\" \/><\/a><\/div><div class=\"o-posts-grid-post-body\"><span class=\"o-posts-grid-post-category\"><a href=\"https:\/\/sardasup.com\/index.php\/category\/evenement\/\">\u00c9v\u00e8nement<\/a><\/span><h4 class=\"o-posts-grid-post-title\"><a href=\"https:\/\/sardasup.com\/index.php\/2026\/02\/20\/jpo-le-bts-ndrc-du-lycee-sarda-garriga-en-action\/\">JPO : Le BTS NDRC du Lyc\u00e9e Sarda Garriga en action<\/a><\/h4><p class=\"o-posts-grid-post-meta\">Posted on <time datetime=\"2026-02-20T11:01:39+04:00\">20 f\u00e9vrier 2026<\/time> by <a href=\"https:\/\/sardasup.com\/index.php\/author\/c-devane\/\">Christopher DEVANE<\/a><\/p><div class=\"o-posts-grid-post-description\"><p>Mardi 17 f\u00e9vrier 2026, pr\u00e8s de 600 \u00e9l\u00e8ves ont particip\u00e9 \u00e0 la JPO d\u00e9di\u00e9e \u00e0 l&rsquo;orientation des \u00e9t\u2026<\/p><\/div><\/div><\/div><\/div><div class=\"o-posts-grid-post-blog o-posts-grid-post-plain\"><div class=\"o-posts-grid-post\"><div class=\"o-posts-grid-post-image\"><a href=\"https:\/\/sardasup.com\/index.php\/2026\/03\/11\/mobilite-a-lile-maurice-les-etudiants-de-la-cpes-au-coeur-dun-projet-formateur\/\"><img loading=\"lazy\" decoding=\"async\" width=\"2560\" height=\"1920\" src=\"https:\/\/sardasup.com\/wp-content\/uploads\/2026\/03\/AVION-scaled.jpeg\" class=\"attachment-full size-full\" alt=\"Mobilit\u00e9 \u00e0 l\u2019\u00eele Maurice : les \u00e9tudiants de la CPES au c\u0153ur d\u2019un projet formateur.\" srcset=\"https:\/\/sardasup.com\/wp-content\/uploads\/2026\/03\/AVION-scaled.jpeg 2560w, https:\/\/sardasup.com\/wp-content\/uploads\/2026\/03\/AVION-300x225.jpeg 300w, https:\/\/sardasup.com\/wp-content\/uploads\/2026\/03\/AVION-1024x768.jpeg 1024w, https:\/\/sardasup.com\/wp-content\/uploads\/2026\/03\/AVION-768x576.jpeg 768w, https:\/\/sardasup.com\/wp-content\/uploads\/2026\/03\/AVION-1536x1152.jpeg 1536w, https:\/\/sardasup.com\/wp-content\/uploads\/2026\/03\/AVION-2048x1536.jpeg 2048w\" sizes=\"(max-width: 2560px) 100vw, 2560px\" \/><\/a><\/div><div class=\"o-posts-grid-post-body\"><span class=\"o-posts-grid-post-category\"><a href=\"https:\/\/sardasup.com\/index.php\/category\/vie-etudiante\/\">Vie \u00c9tudiante<\/a><\/span><h4 class=\"o-posts-grid-post-title\"><a href=\"https:\/\/sardasup.com\/index.php\/2026\/03\/11\/mobilite-a-lile-maurice-les-etudiants-de-la-cpes-au-coeur-dun-projet-formateur\/\">Mobilit\u00e9 \u00e0 l\u2019\u00eele Maurice : les \u00e9tudiants de la CPES au c\u0153ur d\u2019un projet formateur.<\/a><\/h4><p class=\"o-posts-grid-post-meta\">Posted on <time datetime=\"2026-03-11T12:32:24+04:00\">11 mars 2026<\/time> by <a href=\"https:\/\/sardasup.com\/index.php\/author\/admin5279\/\">Nicolas MARTIN<\/a><\/p><div class=\"o-posts-grid-post-description\"><p>Dans le cadre de leur parcours en CPES \u00c9conomie-Gestion, dix \u00e9tudiants ont eu l\u2019opportunit\u00e9 de parti\u2026<\/p><\/div><\/div><\/div><\/div><div class=\"o-posts-grid-post-blog o-posts-grid-post-plain\"><div class=\"o-posts-grid-post\"><div class=\"o-posts-grid-post-image\"><a href=\"https:\/\/sardasup.com\/index.php\/2024\/12\/20\/sortie-pedagogique-au-golf-club-de-beausejour\/\"><img loading=\"lazy\" decoding=\"async\" width=\"1080\" height=\"810\" src=\"https:\/\/sardasup.com\/wp-content\/uploads\/2024\/12\/IMG_3898.png\" class=\"attachment-full size-full\" alt=\"Sortie p\u00e9dagogique au Golf Club de Beaus\u00e9jour\" srcset=\"https:\/\/sardasup.com\/wp-content\/uploads\/2024\/12\/IMG_3898.png 1080w, https:\/\/sardasup.com\/wp-content\/uploads\/2024\/12\/IMG_3898-300x225.png 300w, https:\/\/sardasup.com\/wp-content\/uploads\/2024\/12\/IMG_3898-1024x768.png 1024w, https:\/\/sardasup.com\/wp-content\/uploads\/2024\/12\/IMG_3898-768x576.png 768w\" sizes=\"(max-width: 1080px) 100vw, 1080px\" \/><\/a><\/div><div class=\"o-posts-grid-post-body\"><span class=\"o-posts-grid-post-category\"><a href=\"https:\/\/sardasup.com\/index.php\/category\/vie-etudiante\/\">Vie \u00c9tudiante<\/a><\/span><h4 class=\"o-posts-grid-post-title\"><a href=\"https:\/\/sardasup.com\/index.php\/2024\/12\/20\/sortie-pedagogique-au-golf-club-de-beausejour\/\">Sortie p\u00e9dagogique au Golf Club de Beaus\u00e9jour<\/a><\/h4><p class=\"o-posts-grid-post-meta\">Posted on <time datetime=\"2024-12-20T08:53:19+04:00\">20 d\u00e9cembre 2024<\/time> by <a href=\"https:\/\/sardasup.com\/index.php\/author\/admin5279\/\">Nicolas MARTIN<\/a><\/p><div class=\"o-posts-grid-post-description\"><p>Le mardi&nbsp;17&nbsp;d\u00e9cembre 2024, les \u00e9tudiants de premi\u00e8re ann\u00e9e de BTS NDRC du lyc\u00e9e Sarda Garr\u2026<\/p><\/div><\/div><\/div><\/div><div class=\"o-posts-grid-post-blog o-posts-grid-post-plain\"><div class=\"o-posts-grid-post\"><div class=\"o-posts-grid-post-image\"><a href=\"https:\/\/sardasup.com\/index.php\/2024\/12\/20\/visite-au-tribunal-judiciaire-de-saint-denis\/\"><img loading=\"lazy\" decoding=\"async\" width=\"640\" height=\"480\" src=\"https:\/\/sardasup.com\/wp-content\/uploads\/2024\/12\/1712IMG_3822.jpg\" class=\"attachment-full size-full\" alt=\"Visite au Tribunal Judiciaire de Saint-Denis\u00a0\" srcset=\"https:\/\/sardasup.com\/wp-content\/uploads\/2024\/12\/1712IMG_3822.jpg 640w, https:\/\/sardasup.com\/wp-content\/uploads\/2024\/12\/1712IMG_3822-300x225.jpg 300w\" sizes=\"(max-width: 640px) 100vw, 640px\" \/><\/a><\/div><div class=\"o-posts-grid-post-body\"><span class=\"o-posts-grid-post-category\"><a href=\"https:\/\/sardasup.com\/index.php\/category\/vie-etudiante\/\">Vie \u00c9tudiante<\/a><\/span><h4 class=\"o-posts-grid-post-title\"><a href=\"https:\/\/sardasup.com\/index.php\/2024\/12\/20\/visite-au-tribunal-judiciaire-de-saint-denis\/\">Visite au Tribunal Judiciaire de Saint-Denis\u00a0<\/a><\/h4><p class=\"o-posts-grid-post-meta\">Posted on <time datetime=\"2024-12-20T07:59:56+04:00\">20 d\u00e9cembre 2024<\/time> by <a href=\"https:\/\/sardasup.com\/index.php\/author\/admin5279\/\">Nicolas MARTIN<\/a><\/p><div class=\"o-posts-grid-post-description\"><p>Une rencontre enrichissante avec le juge Valentine Morel Dans le cadre du cours de&nbsp;Culture \u00c9con\u2026<\/p><\/div><\/div><\/div><\/div><div class=\"o-posts-grid-post-blog o-posts-grid-post-plain\"><div class=\"o-posts-grid-post\"><div class=\"o-posts-grid-post-image\"><a href=\"https:\/\/sardasup.com\/index.php\/2024\/11\/22\/visite-dentreprise-empreinte-locale\/\"><img loading=\"lazy\" decoding=\"async\" width=\"150\" height=\"148\" src=\"https:\/\/sardasup.com\/wp-content\/uploads\/2024\/11\/2023-11-30_21-29-42-CPES-SARDASUP-e1773217593744.png\" class=\"attachment-full size-full\" alt=\"\u2728visite d&rsquo;entreprise\u2728 empreinte-locale\u2728\" \/><\/a><\/div><div class=\"o-posts-grid-post-body\"><span class=\"o-posts-grid-post-category\"><a href=\"https:\/\/sardasup.com\/index.php\/category\/vie-etudiante\/\">Vie \u00c9tudiante<\/a><\/span><h4 class=\"o-posts-grid-post-title\"><a href=\"https:\/\/sardasup.com\/index.php\/2024\/11\/22\/visite-dentreprise-empreinte-locale\/\">\u2728visite d&rsquo;entreprise\u2728 empreinte-locale\u2728<\/a><\/h4><p class=\"o-posts-grid-post-meta\">Posted on <time datetime=\"2024-11-22T12:03:05+04:00\">22 novembre 2024<\/time> by <a href=\"https:\/\/sardasup.com\/index.php\/author\/s-couturier\/\">Sandrine COUTURIE<\/a><\/p><div class=\"o-posts-grid-post-description\"><p>Dans le cadre de la Semaine de l&rsquo;industrie 2024, organis\u00e9e par l&rsquo;ADIR, la CPES a pu d\u00e9co\u2026<\/p><\/div><\/div><\/div><\/div><div class=\"o-posts-grid-post-blog o-posts-grid-post-plain\"><div class=\"o-posts-grid-post\"><div class=\"o-posts-grid-post-image\"><a href=\"https:\/\/sardasup.com\/index.php\/2024\/09\/11\/seminaire-bts-session-2024\/\"><img loading=\"lazy\" decoding=\"async\" width=\"310\" height=\"362\" src=\"https:\/\/sardasup.com\/wp-content\/uploads\/2024\/09\/Logo_Sarda_GARRIGA-SARDA-SUP.png\" class=\"attachment-full size-full\" alt=\"S\u00e9minaire BTS session 2024\" srcset=\"https:\/\/sardasup.com\/wp-content\/uploads\/2024\/09\/Logo_Sarda_GARRIGA-SARDA-SUP.png 310w, https:\/\/sardasup.com\/wp-content\/uploads\/2024\/09\/Logo_Sarda_GARRIGA-SARDA-SUP-257x300.png 257w\" sizes=\"(max-width: 310px) 100vw, 310px\" \/><\/a><\/div><div class=\"o-posts-grid-post-body\"><span class=\"o-posts-grid-post-category\"><a href=\"https:\/\/sardasup.com\/index.php\/category\/vie-etudiante\/\">Vie \u00c9tudiante<\/a><\/span><h4 class=\"o-posts-grid-post-title\"><a href=\"https:\/\/sardasup.com\/index.php\/2024\/09\/11\/seminaire-bts-session-2024\/\">S\u00e9minaire BTS session 2024<\/a><\/h4><p class=\"o-posts-grid-post-meta\">Posted on <time datetime=\"2024-09-11T11:16:00+04:00\">11 septembre 2024<\/time> by <a href=\"https:\/\/sardasup.com\/index.php\/author\/admin5279\/\">Nicolas MARTIN<\/a><\/p><div class=\"o-posts-grid-post-description\"><p><\/p><\/div><\/div><\/div><\/div><\/div> <\/div>","protected":false},"excerpt":{"rendered":"","protected":false},"author":4,"featured_media":0,"parent":0,"menu_order":0,"comment_status":"closed","ping_status":"closed","template":"","meta":{"_themeisle_gutenberg_block_has_review":false,"footnotes":""},"class_list":["post-222","page","type-page","status-publish","hentry"],"_links":{"self":[{"href":"https:\/\/sardasup.com\/index.php\/wp-json\/wp\/v2\/pages\/222","targetHints":{"allow":["GET"]}}],"collection":[{"href":"https:\/\/sardasup.com\/index.php\/wp-json\/wp\/v2\/pages"}],"about":[{"href":"https:\/\/sardasup.com\/index.php\/wp-json\/wp\/v2\/types\/page"}],"author":[{"embeddable":true,"href":"https:\/\/sardasup.com\/index.php\/wp-json\/wp\/v2\/users\/4"}],"replies":[{"embeddable":true,"href":"https:\/\/sardasup.com\/index.php\/wp-json\/wp\/v2\/comments?post=222"}],"version-history":[{"count":2,"href":"https:\/\/sardasup.com\/index.php\/wp-json\/wp\/v2\/pages\/222\/revisions"}],"predecessor-version":[{"id":250,"href":"https:\/\/sardasup.com\/index.php\/wp-json\/wp\/v2\/pages\/222\/revisions\/250"}],"wp:attachment":[{"href":"https:\/\/sardasup.com\/index.php\/wp-json\/wp\/v2\/media?parent=222"}],"curies":[{"name":"wp","href":"https:\/\/api.w.org\/{rel}","templated":true}]}}