{"id":198,"date":"2025-02-12T08:46:00","date_gmt":"2025-02-12T04:46:00","guid":{"rendered":"https:\/\/sardasup.com\/?page_id=198"},"modified":"2025-02-12T10:44:30","modified_gmt":"2025-02-12T06:44:30","slug":"mco","status":"publish","type":"page","link":"https:\/\/sardasup.com\/index.php\/mco\/","title":{"rendered":"MCO"},"content":{"rendered":"\n<p>Le BTS MCO, ou Management Commercial Op\u00e9rationnel, est une formation de deux ans qui pr\u00e9pare les \u00e9tudiants aux m\u00e9tiers du commerce et du management. Dans ce programme, vous apprendrez \u00e0 :<\/p>\n\n\n\n<ul class=\"wp-block-list\">\n<li><strong>G\u00e9rer une \u00e9quipe :<\/strong>\u00a0Vous d\u00e9couvrirez comment organiser et diriger des groupes pour atteindre des objectifs communs.<\/li>\n\n\n\n<li><strong>D\u00e9velopper des strat\u00e9gies commerciales :<\/strong>\u00a0Vous apprendrez \u00e0 cr\u00e9er et mettre en place des actions pour augmenter les ventes et am\u00e9liorer la pr\u00e9sence d\u2019une entreprise sur le march\u00e9.<\/li>\n\n\n\n<li><strong>Communiquer efficacement :<\/strong>\u00a0La formation vous aide \u00e0 am\u00e9liorer vos comp\u00e9tences en communication, essentielles pour travailler avec des clients et des coll\u00e8gues.<\/li>\n\n\n\n<li><strong>Travailler en entreprise :<\/strong>\u00a0Gr\u00e2ce \u00e0 des stages, vous pourrez mettre en pratique ce que vous apprenez en cours et acqu\u00e9rir une exp\u00e9rience professionnelle concr\u00e8te.<\/li>\n<\/ul>\n\n\n\n<p>Le BTS MCO est id\u00e9al pour ceux qui aiment le contact avec les gens, le travail en \u00e9quipe et qui souhaitent \u00e9voluer dans le secteur du commerce. \u00c0 la fin de la formation, vous serez capable de g\u00e9rer un magasin, un point de vente ou m\u00eame une petite entreprise. C\u2019est une formation qui ouvre de nombreuses portes dans le monde professionnel et vous pr\u00e9pare \u00e0 relever les d\u00e9fis du management commercial.<\/p>\n","protected":false},"excerpt":{"rendered":"<p>Le BTS MCO, ou Management Commercial Op\u00e9rationnel, est une formation de deux ans qui pr\u00e9pare les \u00e9tudiants aux m\u00e9tiers du commerce et du management. Dans ce programme, vous apprendrez \u00e0 : Le BTS MCO est id\u00e9al pour ceux qui aiment le contact avec les gens, le travail en \u00e9quipe et qui souhaitent \u00e9voluer dans le&hellip;<\/p>\n","protected":false},"author":4,"featured_media":0,"parent":0,"menu_order":0,"comment_status":"closed","ping_status":"closed","template":"","meta":{"_themeisle_gutenberg_block_has_review":false,"footnotes":""},"class_list":["post-198","page","type-page","status-publish","hentry"],"_links":{"self":[{"href":"https:\/\/sardasup.com\/index.php\/wp-json\/wp\/v2\/pages\/198","targetHints":{"allow":["GET"]}}],"collection":[{"href":"https:\/\/sardasup.com\/index.php\/wp-json\/wp\/v2\/pages"}],"about":[{"href":"https:\/\/sardasup.com\/index.php\/wp-json\/wp\/v2\/types\/page"}],"author":[{"embeddable":true,"href":"https:\/\/sardasup.com\/index.php\/wp-json\/wp\/v2\/users\/4"}],"replies":[{"embeddable":true,"href":"https:\/\/sardasup.com\/index.php\/wp-json\/wp\/v2\/comments?post=198"}],"version-history":[{"count":2,"href":"https:\/\/sardasup.com\/index.php\/wp-json\/wp\/v2\/pages\/198\/revisions"}],"predecessor-version":[{"id":254,"href":"https:\/\/sardasup.com\/index.php\/wp-json\/wp\/v2\/pages\/198\/revisions\/254"}],"wp:attachment":[{"href":"https:\/\/sardasup.com\/index.php\/wp-json\/wp\/v2\/media?parent=198"}],"curies":[{"name":"wp","href":"https:\/\/api.w.org\/{rel}","templated":true}]}}