{"id":195,"date":"2025-02-12T08:45:50","date_gmt":"2025-02-12T04:45:50","guid":{"rendered":"https:\/\/sardasup.com\/?page_id=195"},"modified":"2025-02-12T10:43:33","modified_gmt":"2025-02-12T06:43:33","slug":"ndrc","status":"publish","type":"page","link":"https:\/\/sardasup.com\/index.php\/a-propos\/ndrc\/","title":{"rendered":"NDRC"},"content":{"rendered":"\n<p>Le BTS NDRC (N\u00e9gociation et Digitalisation de la Relation Client) est un dipl\u00f4me de deux ans accessible apr\u00e8s le bac. Il forme les \u00e9tudiants aux m\u00e9tiers de la vente et de la relation client, tout en int\u00e9grant les outils num\u00e9riques dans leur apprentissage.<\/p>\n\n\n\n<p>Pendant ces deux ann\u00e9es, vous apprendrez \u00e0 :<\/p>\n\n\n\n<ul class=\"wp-block-list\">\n<li><strong>N\u00e9gocier et vendre :<\/strong>\u00a0Ma\u00eetriser les techniques de vente, de n\u00e9gociation et de fid\u00e9lisation des clients.<\/li>\n\n\n\n<li><strong>Utiliser le digital :<\/strong>\u00a0Apprendre \u00e0 g\u00e9rer les relations clients via les r\u00e9seaux sociaux, les sites web et autres outils digitaux.<\/li>\n\n\n\n<li><strong>Communiquer efficacement :<\/strong>\u00a0D\u00e9velopper vos comp\u00e9tences en communication pour mieux comprendre et r\u00e9pondre aux besoins des clients.<\/li>\n\n\n\n<li><strong>Travailler en \u00e9quipe :<\/strong>\u00a0Collaborer avec vos coll\u00e8gues lors de projets et durant vos stages en entreprise.<\/li>\n<\/ul>\n\n\n\n<p>Le BTS NDRC pr\u00e9pare \u00e0 des m\u00e9tiers vari\u00e9s comme conseiller client\u00e8le, charg\u00e9 de relation client, ou encore responsable e-commerce. La formation est id\u00e9ale pour ceux qui aiment le contact humain, la n\u00e9gociation et qui sont \u00e0 l\u2019aise avec les nouvelles technologies.<\/p>\n\n\n\n<p>En r\u00e9sum\u00e9, le BTS NDRC combine des techniques de vente traditionnelles avec des comp\u00e9tences digitales modernes, pour r\u00e9pondre aux attentes des entreprises dans un monde de plus en plus connect\u00e9.<\/p>\n\n\n<div class=\"wp-block-image\">\n<figure class=\"aligncenter size-large\"><img loading=\"lazy\" decoding=\"async\" width=\"1024\" height=\"683\" src=\"https:\/\/sardasup.com\/wp-content\/uploads\/2025\/02\/IMG_0458-1024x683.jpg\" alt=\"\" class=\"wp-image-252\" srcset=\"https:\/\/sardasup.com\/wp-content\/uploads\/2025\/02\/IMG_0458-1024x683.jpg 1024w, https:\/\/sardasup.com\/wp-content\/uploads\/2025\/02\/IMG_0458-300x200.jpg 300w, https:\/\/sardasup.com\/wp-content\/uploads\/2025\/02\/IMG_0458-768x512.jpg 768w, https:\/\/sardasup.com\/wp-content\/uploads\/2025\/02\/IMG_0458-1536x1024.jpg 1536w, https:\/\/sardasup.com\/wp-content\/uploads\/2025\/02\/IMG_0458.jpg 2048w\" sizes=\"auto, (max-width: 1024px) 100vw, 1024px\" \/><\/figure>\n<\/div>","protected":false},"excerpt":{"rendered":"<p>Le BTS NDRC (N\u00e9gociation et Digitalisation de la Relation Client) est un dipl\u00f4me de deux ans accessible apr\u00e8s le bac. Il forme les \u00e9tudiants aux m\u00e9tiers de la vente et de la relation client, tout en int\u00e9grant les outils num\u00e9riques dans leur apprentissage. Pendant ces deux ann\u00e9es, vous apprendrez \u00e0 : Le BTS NDRC pr\u00e9pare&hellip;<\/p>\n","protected":false},"author":4,"featured_media":0,"parent":189,"menu_order":0,"comment_status":"closed","ping_status":"closed","template":"","meta":{"_themeisle_gutenberg_block_has_review":false,"footnotes":""},"class_list":["post-195","page","type-page","status-publish","hentry"],"_links":{"self":[{"href":"https:\/\/sardasup.com\/index.php\/wp-json\/wp\/v2\/pages\/195","targetHints":{"allow":["GET"]}}],"collection":[{"href":"https:\/\/sardasup.com\/index.php\/wp-json\/wp\/v2\/pages"}],"about":[{"href":"https:\/\/sardasup.com\/index.php\/wp-json\/wp\/v2\/types\/page"}],"author":[{"embeddable":true,"href":"https:\/\/sardasup.com\/index.php\/wp-json\/wp\/v2\/users\/4"}],"replies":[{"embeddable":true,"href":"https:\/\/sardasup.com\/index.php\/wp-json\/wp\/v2\/comments?post=195"}],"version-history":[{"count":2,"href":"https:\/\/sardasup.com\/index.php\/wp-json\/wp\/v2\/pages\/195\/revisions"}],"predecessor-version":[{"id":253,"href":"https:\/\/sardasup.com\/index.php\/wp-json\/wp\/v2\/pages\/195\/revisions\/253"}],"up":[{"embeddable":true,"href":"https:\/\/sardasup.com\/index.php\/wp-json\/wp\/v2\/pages\/189"}],"wp:attachment":[{"href":"https:\/\/sardasup.com\/index.php\/wp-json\/wp\/v2\/media?parent=195"}],"curies":[{"name":"wp","href":"https:\/\/api.w.org\/{rel}","templated":true}]}}