{"id":19,"date":"2023-11-30T20:44:06","date_gmt":"2023-11-30T16:44:06","guid":{"rendered":"https:\/\/sardasup.com\/?page_id=19"},"modified":"2026-03-11T09:17:29","modified_gmt":"2026-03-11T05:17:29","slug":"creez-votre-site-avec-des-blocs","status":"publish","type":"page","link":"https:\/\/sardasup.com\/","title":{"rendered":"Association Sarda Sup."},"content":{"rendered":"\n<p>Sarda Sup est l\u2019association des \u00e9tudiants du lyc\u00e9e Sarda Garriga, situ\u00e9 \u00e0 Saint-Andr\u00e9, au&nbsp;<strong>755, rue de la Communaut\u00e9<\/strong>. Cr\u00e9\u00e9e par et pour les \u00e9tudiants, l\u2019association incarne l\u2019esprit de collaboration, de dynamisme et d\u2019engagement qui anime notre \u00e9tablissement.<\/p>\n\n\n\n<p>Repr\u00e9sentant pr\u00e8s de&nbsp;<strong>100 \u00e9tudiants<\/strong>, Sarda Sup f\u00e9d\u00e8re les apprenants issus de diff\u00e9rentes formations :<\/p>\n\n\n\n<p>\u2022&nbsp;<a href=\"https:\/\/sardasup.com\/index.php\/a-propos\/cpes\/?customize_changeset_uuid=2057fa62-b038-417e-9ca9-14189f6f7756&amp;customize_autosaved=on&amp;customize_messenger_channel=preview-4\">CPES<\/a>&nbsp;(Classe Pr\u00e9paratoire aux \u00c9tudes Sup\u00e9rieures en \u00c9conomie-Gestion),<\/p>\n\n\n\n<p>\u2022 BTS&nbsp;<a href=\"https:\/\/sardasup.com\/index.php\/a-propos\/ndrc\/?customize_changeset_uuid=2057fa62-b038-417e-9ca9-14189f6f7756&amp;customize_autosaved=on&amp;customize_messenger_channel=preview-4\">NDRC<\/a>&nbsp;(N\u00e9gociation et Digitalisation de la Relation Client),<\/p>\n\n\n\n<p>\u2022 BTS&nbsp;<a href=\"https:\/\/sardasup.com\/index.php\/mco\/?customize_changeset_uuid=2057fa62-b038-417e-9ca9-14189f6f7756&amp;customize_autosaved=on&amp;customize_messenger_channel=preview-4\">MCO<\/a>&nbsp;(Management Commercial Op\u00e9rationnel) en apprentissage.<\/p>\n\n\n\n<p>Notre objectif est de <strong>promouvoir la vie \u00e9tudiante<\/strong>, de<strong> valoriser les comp\u00e9tences de nos membres<\/strong>, et<strong> d\u2019organiser des projets et \u00e9v\u00e9nements enrichissants<\/strong>. En s\u2019impliquant dans l\u2019association, les \u00e9tudiants d\u00e9veloppent des qualit\u00e9s essentielles telles que le<strong> leadership<\/strong>,<strong> le travail en \u00e9quipe<\/strong> et<strong> la gestion de projets<\/strong>, tout en renfor\u00e7ant les liens au sein de la communaut\u00e9 scolaire.<\/p>\n\n\n\n<p>Sarda Sup, c\u2019est avant tout un espace de partage, d\u2019entraide et d\u2019innovation, pour accompagner chaque \u00e9tudiant dans son parcours vers la r\u00e9ussite.<\/p>\n\n\n\n<blockquote class=\"wp-block-quote is-layout-flow wp-block-quote-is-layout-flow\">\n<p>Pour un Avenir \u00c9tudiant Engag\u00e9<\/p>\n<\/blockquote>\n\n\n\n<h2 class=\"wp-block-heading\">Articles de Sarda sup.<\/h2>\n\n\n\n<div class=\"wp-block-group\"><div class=\"wp-block-group__inner-container is-layout-constrained wp-block-group-is-layout-constrained\"><ul class=\"wp-block-latest-posts__list has-dates wp-block-latest-posts\"><li><div class=\"wp-block-latest-posts__featured-image alignleft\"><img loading=\"lazy\" decoding=\"async\" width=\"150\" height=\"150\" src=\"https:\/\/sardasup.com\/wp-content\/uploads\/2026\/03\/AVION-150x150.jpeg\" class=\"attachment-thumbnail size-thumbnail wp-post-image\" alt=\"\" style=\"\" \/><\/div><a class=\"wp-block-latest-posts__post-title\" href=\"https:\/\/sardasup.com\/index.php\/2026\/03\/11\/mobilite-a-lile-maurice-les-etudiants-de-la-cpes-au-coeur-dun-projet-formateur\/\">Mobilit\u00e9 \u00e0 l\u2019\u00eele Maurice : les \u00e9tudiants de la CPES au c\u0153ur d\u2019un projet formateur.<\/a><time datetime=\"2026-03-11T12:32:24+04:00\" class=\"wp-block-latest-posts__post-date\">11 mars 2026<\/time><div class=\"wp-block-latest-posts__post-excerpt\">Dans le cadre de leur parcours en CPES \u00c9conomie-Gestion, dix \u00e9tudiants ont eu l\u2019opportunit\u00e9 de participer \u00e0 une mobilit\u00e9 p\u00e9dagogique et linguistique \u00e0 l\u2019\u00eele Maurice, organis\u00e9e du 17 au 25&hellip;<\/div><\/li>\n<li><div class=\"wp-block-latest-posts__featured-image alignleft\"><img loading=\"lazy\" decoding=\"async\" width=\"150\" height=\"150\" src=\"https:\/\/sardasup.com\/wp-content\/uploads\/2026\/02\/PHOTO-2026-02-17-17-19-26-150x150.jpg\" class=\"attachment-thumbnail size-thumbnail wp-post-image\" alt=\"\" style=\"\" \/><\/div><a class=\"wp-block-latest-posts__post-title\" href=\"https:\/\/sardasup.com\/index.php\/2026\/02\/20\/jpo-le-bts-ndrc-du-lycee-sarda-garriga-en-action\/\">JPO : Le BTS NDRC du Lyc\u00e9e Sarda Garriga en action<\/a><time datetime=\"2026-02-20T11:01:39+04:00\" class=\"wp-block-latest-posts__post-date\">20 f\u00e9vrier 2026<\/time><div class=\"wp-block-latest-posts__post-excerpt\">Mardi 17 f\u00e9vrier 2026, pr\u00e8s de 600 \u00e9l\u00e8ves ont particip\u00e9 \u00e0 la JPO d\u00e9di\u00e9e \u00e0 l&rsquo;orientation des \u00e9tudes sup\u00e9rieures.<\/div><\/li>\n<li><div class=\"wp-block-latest-posts__featured-image alignleft\"><img loading=\"lazy\" decoding=\"async\" width=\"150\" height=\"150\" src=\"https:\/\/sardasup.com\/wp-content\/uploads\/2024\/12\/IMG_3898-150x150.png\" class=\"attachment-thumbnail size-thumbnail wp-post-image\" alt=\"\" style=\"\" \/><\/div><a class=\"wp-block-latest-posts__post-title\" href=\"https:\/\/sardasup.com\/index.php\/2024\/12\/20\/sortie-pedagogique-au-golf-club-de-beausejour\/\">Sortie p\u00e9dagogique au Golf Club de Beaus\u00e9jour<\/a><time datetime=\"2024-12-20T08:53:19+04:00\" class=\"wp-block-latest-posts__post-date\">20 d\u00e9cembre 2024<\/time><div class=\"wp-block-latest-posts__post-excerpt\">Le mardi&nbsp;17&nbsp;d\u00e9cembre 2024, les \u00e9tudiants de premi\u00e8re ann\u00e9e de BTS NDRC du lyc\u00e9e Sarda Garriga ont eu l\u2019opportunit\u00e9 de participer \u00e0 une sortie p\u00e9dagogique au Golf Club de Beaus\u00e9jour. Cette&hellip;<\/div><\/li>\n<li><div class=\"wp-block-latest-posts__featured-image alignleft\"><img loading=\"lazy\" decoding=\"async\" width=\"150\" height=\"150\" src=\"https:\/\/sardasup.com\/wp-content\/uploads\/2024\/12\/1712IMG_3822-150x150.jpg\" class=\"attachment-thumbnail size-thumbnail wp-post-image\" alt=\"\" style=\"\" \/><\/div><a class=\"wp-block-latest-posts__post-title\" href=\"https:\/\/sardasup.com\/index.php\/2024\/12\/20\/visite-au-tribunal-judiciaire-de-saint-denis\/\">Visite au Tribunal Judiciaire de Saint-Denis\u00a0<\/a><time datetime=\"2024-12-20T07:59:56+04:00\" class=\"wp-block-latest-posts__post-date\">20 d\u00e9cembre 2024<\/time><div class=\"wp-block-latest-posts__post-excerpt\">Une rencontre enrichissante avec le juge Valentine Morel Dans le cadre du cours de&nbsp;Culture \u00c9conomique, Juridique et Manag\u00e9riale (CEJM), les \u00e9tudiants de&nbsp;BTS NDRC 1&nbsp;du lyc\u00e9e Sarda Garriga ont eu l\u2019opportunit\u00e9&hellip;<\/div><\/li>\n<li><div class=\"wp-block-latest-posts__featured-image alignleft\"><img loading=\"lazy\" decoding=\"async\" width=\"150\" height=\"150\" src=\"https:\/\/sardasup.com\/wp-content\/uploads\/2024\/11\/2023-11-30_21-29-42-CPES-SARDASUP-150x150.png\" class=\"attachment-thumbnail size-thumbnail wp-post-image\" alt=\"\" style=\"\" \/><\/div><a class=\"wp-block-latest-posts__post-title\" href=\"https:\/\/sardasup.com\/index.php\/2024\/11\/22\/visite-dentreprise-empreinte-locale\/\">\u2728visite d&rsquo;entreprise\u2728 empreinte-locale\u2728<\/a><time datetime=\"2024-11-22T12:03:05+04:00\" class=\"wp-block-latest-posts__post-date\">22 novembre 2024<\/time><div class=\"wp-block-latest-posts__post-excerpt\">Dans le cadre de la Semaine de l&rsquo;industrie 2024, organis\u00e9e par l&rsquo;ADIR, la CPES a pu d\u00e9couvrir l&rsquo;entreprise Empreinte Locale, sp\u00e9cialis\u00e9e dans la conception de supports publicitaires. Cette visite a&hellip;<\/div><\/li>\n<\/ul><\/div><\/div>\n\n\n\n\n\n<p><\/p>\n","protected":false},"excerpt":{"rendered":"<p>Sarda Sup est l\u2019association des \u00e9tudiants du lyc\u00e9e Sarda Garriga, situ\u00e9 \u00e0 Saint-Andr\u00e9, au&nbsp;755, rue de la Communaut\u00e9. Cr\u00e9\u00e9e par et pour les \u00e9tudiants, l\u2019association incarne l\u2019esprit de collaboration, de dynamisme et d\u2019engagement qui anime notre \u00e9tablissement. Repr\u00e9sentant pr\u00e8s de&nbsp;100 \u00e9tudiants, Sarda Sup f\u00e9d\u00e8re les apprenants issus de diff\u00e9rentes formations : \u2022&nbsp;CPES&nbsp;(Classe Pr\u00e9paratoire aux \u00c9tudes&hellip;<\/p>\n","protected":false},"author":1,"featured_media":0,"parent":0,"menu_order":0,"comment_status":"closed","ping_status":"closed","template":"","meta":{"_themeisle_gutenberg_block_has_review":false,"footnotes":""},"class_list":["post-19","page","type-page","status-publish","hentry"],"_links":{"self":[{"href":"https:\/\/sardasup.com\/index.php\/wp-json\/wp\/v2\/pages\/19","targetHints":{"allow":["GET"]}}],"collection":[{"href":"https:\/\/sardasup.com\/index.php\/wp-json\/wp\/v2\/pages"}],"about":[{"href":"https:\/\/sardasup.com\/index.php\/wp-json\/wp\/v2\/types\/page"}],"author":[{"embeddable":true,"href":"https:\/\/sardasup.com\/index.php\/wp-json\/wp\/v2\/users\/1"}],"replies":[{"embeddable":true,"href":"https:\/\/sardasup.com\/index.php\/wp-json\/wp\/v2\/comments?post=19"}],"version-history":[{"count":22,"href":"https:\/\/sardasup.com\/index.php\/wp-json\/wp\/v2\/pages\/19\/revisions"}],"predecessor-version":[{"id":344,"href":"https:\/\/sardasup.com\/index.php\/wp-json\/wp\/v2\/pages\/19\/revisions\/344"}],"wp:attachment":[{"href":"https:\/\/sardasup.com\/index.php\/wp-json\/wp\/v2\/media?parent=19"}],"curies":[{"name":"wp","href":"https:\/\/api.w.org\/{rel}","templated":true}]}}