{"id":189,"date":"2025-02-12T08:45:21","date_gmt":"2025-02-12T04:45:21","guid":{"rendered":"https:\/\/sardasup.com\/?page_id=189"},"modified":"2025-02-12T10:54:45","modified_gmt":"2025-02-12T06:54:45","slug":"a-propos","status":"publish","type":"page","link":"https:\/\/sardasup.com\/index.php\/a-propos\/","title":{"rendered":"A Propos"},"content":{"rendered":"\n<hr class=\"wp-block-separator has-alpha-channel-opacity\"\/>\n\n\n\n<p>Sarda Sup est l\u2019association des \u00e9tudiants du lyc\u00e9e Sarda Garriga, situ\u00e9 \u00e0 Saint-Andr\u00e9, au <strong>755, rue de la Communaut\u00e9<\/strong>. Cr\u00e9\u00e9e par et pour les \u00e9tudiants, l\u2019association incarne l\u2019esprit de collaboration, de dynamisme et d\u2019engagement qui anime notre \u00e9tablissement.<\/p>\n\n\n\n<p>Repr\u00e9sentant pr\u00e8s de <strong>100 \u00e9tudiants<\/strong>, Sarda Sup f\u00e9d\u00e8re les apprenants issus de diff\u00e9rentes formations :<\/p>\n\n\n\n<p>\u2022 <a href=\"https:\/\/sardasup.com\/index.php\/a-propos\/cpes\/\" data-type=\"page\" data-id=\"192\">CPES<\/a> (Classe Pr\u00e9paratoire aux \u00c9tudes Sup\u00e9rieures en \u00c9conomie-Gestion),<\/p>\n\n\n\n<p>\u2022 BTS <a href=\"https:\/\/sardasup.com\/index.php\/a-propos\/ndrc\/\" data-type=\"page\" data-id=\"195\">NDRC<\/a> (N\u00e9gociation et Digitalisation de la Relation Client),<\/p>\n\n\n\n<p>\u2022 BTS <a href=\"https:\/\/sardasup.com\/index.php\/mco\/\" data-type=\"page\" data-id=\"198\">MCO<\/a> (Management Commercial Op\u00e9rationnel) en apprentissage.<\/p>\n\n\n\n<p>Notre objectif est de promouvoir la vie \u00e9tudiante, de valoriser les comp\u00e9tences de nos membres, et d\u2019organiser des projets et \u00e9v\u00e9nements enrichissants. En s\u2019impliquant dans l\u2019association, les \u00e9tudiants d\u00e9veloppent des qualit\u00e9s essentielles telles que le leadership, le travail en \u00e9quipe et la gestion de projets, tout en renfor\u00e7ant les liens au sein de la communaut\u00e9 scolaire.<\/p>\n\n\n\n<p>Sarda Sup, c\u2019est avant tout un espace de partage, d\u2019entraide et d\u2019innovation, pour accompagner chaque \u00e9tudiant dans son parcours vers la r\u00e9ussite.<\/p>\n\n\n\n<hr class=\"wp-block-separator has-alpha-channel-opacity\"\/>\n\n\n\n<p><\/p>\n","protected":false},"excerpt":{"rendered":"<p>Sarda Sup est l\u2019association des \u00e9tudiants du lyc\u00e9e Sarda Garriga, situ\u00e9 \u00e0 Saint-Andr\u00e9, au 755, rue de la Communaut\u00e9. Cr\u00e9\u00e9e par et pour les \u00e9tudiants, l\u2019association incarne l\u2019esprit de collaboration, de dynamisme et d\u2019engagement qui anime notre \u00e9tablissement. Repr\u00e9sentant pr\u00e8s de 100 \u00e9tudiants, Sarda Sup f\u00e9d\u00e8re les apprenants issus de diff\u00e9rentes formations : \u2022 CPES&hellip;<\/p>\n","protected":false},"author":4,"featured_media":0,"parent":0,"menu_order":0,"comment_status":"closed","ping_status":"closed","template":"","meta":{"_themeisle_gutenberg_block_has_review":false,"footnotes":""},"class_list":["post-189","page","type-page","status-publish","hentry"],"_links":{"self":[{"href":"https:\/\/sardasup.com\/index.php\/wp-json\/wp\/v2\/pages\/189","targetHints":{"allow":["GET"]}}],"collection":[{"href":"https:\/\/sardasup.com\/index.php\/wp-json\/wp\/v2\/pages"}],"about":[{"href":"https:\/\/sardasup.com\/index.php\/wp-json\/wp\/v2\/types\/page"}],"author":[{"embeddable":true,"href":"https:\/\/sardasup.com\/index.php\/wp-json\/wp\/v2\/users\/4"}],"replies":[{"embeddable":true,"href":"https:\/\/sardasup.com\/index.php\/wp-json\/wp\/v2\/comments?post=189"}],"version-history":[{"count":5,"href":"https:\/\/sardasup.com\/index.php\/wp-json\/wp\/v2\/pages\/189\/revisions"}],"predecessor-version":[{"id":259,"href":"https:\/\/sardasup.com\/index.php\/wp-json\/wp\/v2\/pages\/189\/revisions\/259"}],"wp:attachment":[{"href":"https:\/\/sardasup.com\/index.php\/wp-json\/wp\/v2\/media?parent=189"}],"curies":[{"name":"wp","href":"https:\/\/api.w.org\/{rel}","templated":true}]}}